{"id":3,"date":"2023-10-15T07:48:09","date_gmt":"2023-10-15T05:48:09","guid":{"rendered":"https:\/\/www.droneportal.no\/?page_id=3"},"modified":"2024-11-27T13:16:22","modified_gmt":"2024-11-27T12:16:22","slug":"personvern","status":"publish","type":"page","link":"https:\/\/www.droneportal.no\/nn\/personvern\/","title":{"rendered":"personvern"},"content":{"rendered":"[et_pb_section fb_built=&raquo;1&#8243; _builder_version=&raquo;4.16&#8243; global_colors_info=&raquo;{}&raquo;][et_pb_row _builder_version=&raquo;4.16&#8243; background_size=&raquo;initial&raquo; background_position=&raquo;top_left&raquo; background_repeat=&raquo;repeat&raquo; global_colors_info=&raquo;{}&raquo;][et_pb_column type=&raquo;4_4&#8243; _builder_version=&raquo;4.16&#8243; custom_padding=&raquo;|||&raquo; global_colors_info=&raquo;{}&raquo; custom_padding__hover=&raquo;|||&raquo;][et_pb_text _builder_version=&raquo;4.22.2&#8243; background_size=&raquo;initial&raquo; background_position=&raquo;top_left&raquo; background_repeat=&raquo;repeat&raquo; hover_enabled=&raquo;0&#8243; global_colors_info=&raquo;{}&raquo; sticky_enabled=&raquo;0&#8243;]<h1><strong>Personvernserkl\u00e6ring for L\u00e6ringsportalen p\u00e5 droneportal.no<\/strong><\/h1>\n<p>Denne personvernserkl\u00e6ringen beskriver hvordan L\u00e6ringsportalen p\u00e5 droneportal.no samler inn, bruker og beskytter personopplysninger. Ved \u00e5 benytte v\u00e5r tjeneste samtykker du til behandlingen av dine personopplysninger i samsvar med denne erkl\u00e6ringen.<\/p>\n<h2>Behandlingsansvarlig<\/h2>\n<p>L\u00e6ringsportalen driftes av TiePoint AS, som er behandlingsansvarlig for personopplysningene som samles inn.<\/p>\n<p><strong>Kontaktinformasjon:<\/strong><\/p>\n<ul>\n<li><strong>Adresse:<\/strong><span>\u00a0<\/span>Bleiksveien 46, 8480 Andenes, Norge<\/li>\n<li><strong>Telefon:<\/strong><span>\u00a0<\/span>+47 988 00 158<\/li>\n<li><strong>E-post:<\/strong><span>\u00a0<\/span><a rel=\"noopener\"><span>post<\/span><span>@tiepoint<\/span><span>.no<\/span><\/a><\/li>\n<\/ul>\n<p><span><\/span><\/p>\n<h2>Innsamling av personopplysninger<\/h2>\n<p>Vi samler inn f\u00f8lgende personopplysninger gjennom FEIDE-innlogging:<\/p>\n<ul>\n<li><strong>Brukernavn<\/strong><\/li>\n<li><strong>E-postadresse<\/strong><\/li>\n<\/ul>\n<p>Disse opplysningene benyttes utelukkende for \u00e5 administrere din tilgang til L\u00e6ringsportalen.<\/p>\n<p>&nbsp;<\/p>\n<h2>Bruk av informasjonskapsler (cookies)<\/h2>\n<p>L\u00e6ringsportalen benytter informasjonskapsler for \u00e5 forbedre brukeropplevelsen. Informasjonskapslene som brukes er:<\/p>\n<ul>\n<li><strong>Session Cookies:<\/strong><span>\u00a0<\/span>Midlertidige informasjonskapsler som slettes n\u00e5r du lukker nettleseren. Disse brukes for \u00e5 opprettholde innloggingsstatus og navigasjon p\u00e5 siden.<\/li>\n<\/ul>\n<p>Du kan administrere eller slette informasjonskapsler gjennom innstillingene i din nettleser. V\u00e6r oppmerksom p\u00e5 at deaktivering av informasjonskapsler kan p\u00e5virke funksjonaliteten til L\u00e6ringsportalen.<\/p>\n<p>&nbsp;<\/p>\n<h2>Deling av personopplysninger<\/h2>\n<p>TiePoint AS deler ikke dine personopplysninger med tredjeparter, med mindre det er n\u00f8dvendig for \u00e5 oppfylle lovp\u00e5lagte krav.<\/p>\n<p>&nbsp;<\/p>\n<h2>Dine rettigheter<\/h2>\n<p>Du har rett til innsyn i, korrigering av eller sletting av dine personopplysninger. For \u00e5 ut\u00f8ve disse rettighetene, vennligst kontakt oss via kontaktinformasjonen ovenfor.<\/p>\n<p>&nbsp;<\/p>\n<h2>Endringer i personvernserkl\u00e6ringen<\/h2>\n<p>TiePoint AS forbeholder seg retten til \u00e5 oppdatere denne personvernserkl\u00e6ringen ved behov. Eventuelle endringer vil bli publisert p\u00e5 denne siden.<\/p>\n<p>Denne personvernserkl\u00e6ringen ble sist oppdatert 27. november 2024.<\/p>\n<div class=\"absolute h-[60px]\">\n<div class=\"flex items-center gap-0.5 text-sm font-medium\">Kilder<\/div>\n<\/div>\n<p><\/p>[\/et_pb_text][et_pb_text _builder_version=&raquo;4.22.2&#8243; _module_preset=&raquo;default&raquo; min_height=&raquo;255px&raquo; global_colors_info=&raquo;{}&raquo;][\/et_pb_text][\/et_pb_column][\/et_pb_row][\/et_pb_section]<!-- \/wp:post-content --><div class=\"gsp_post_data\" \r\n\t            data-post_type=\"page\" \r\n\t            data-cat=\"\" \r\n\t            data-modified=\"120\"\r\n\t            data-created=\"1697356089\"\r\n\t            data-title=\"personvern\" \r\n\t            data-home=\"https:\/\/www.droneportal.no\/nn\"><\/div>","protected":false},"excerpt":{"rendered":"<p><span class=\"span-reading-time rt-reading-time\" style=\"display: block;\"><span class=\"rt-label rt-prefix\">Lesetid: <\/span> <span class=\"rt-time\"> &lt; 1<\/span> <span class=\"rt-label rt-postfix\">minutt<\/span><\/span><\/p>\n<p>Personvernserkl\u00e6ring for L\u00e6ringsportalen p\u00e5 droneportal.no Denne personvernserkl\u00e6ringen beskriver hvordan L\u00e6ringsportalen p\u00e5 droneportal.no samler inn, bruker og beskytter personopplysninger. Ved \u00e5 benytte v\u00e5r tjeneste samtykker du til behandlingen av dine personopplysninger i samsvar med denne erkl\u00e6ringen. Behandlingsansvarlig L\u00e6ringsportalen driftes av TiePoint AS, som er behandlingsansvarlig for personopplysningene som samles inn. Kontaktinformasjon: Adresse:\u00a0Bleiksveien 46, 8480 Andenes, Norge Telefon:\u00a0+47 988 00 158 E-post:\u00a0post@tiepoint.no Innsamling av personopplysninger Vi samler inn f\u00f8lgende personopplysninger gjennom FEIDE-innlogging: Brukernavn E-postadresse Disse opplysningene benyttes utelukkende for \u00e5 administrere din tilgang til L\u00e6ringsportalen. &nbsp; Bruk av informasjonskapsler (cookies) L\u00e6ringsportalen benytter informasjonskapsler for \u00e5 forbedre brukeropplevelsen. Informasjonskapslene som brukes er: Session Cookies:\u00a0Midlertidige informasjonskapsler som slettes n\u00e5r du lukker nettleseren. Disse brukes for \u00e5 opprettholde innloggingsstatus og navigasjon p\u00e5 siden. Du kan administrere eller slette informasjonskapsler gjennom innstillingene i din nettleser. V\u00e6r oppmerksom p\u00e5 at deaktivering av informasjonskapsler kan p\u00e5virke funksjonaliteten til L\u00e6ringsportalen. &nbsp; Deling av personopplysninger TiePoint AS deler ikke dine personopplysninger med tredjeparter, med mindre det er n\u00f8dvendig for \u00e5 oppfylle lovp\u00e5lagte krav. &nbsp; Dine rettigheter Du har rett til innsyn i, korrigering av eller sletting av dine personopplysninger. For \u00e5 ut\u00f8ve disse rettighetene, vennligst kontakt oss via kontaktinformasjonen ovenfor. &nbsp; Endringer i personvernserkl\u00e6ringen TiePoint AS forbeholder seg retten til [&hellip;]<\/p>\n","protected":false},"author":1,"featured_media":0,"parent":0,"menu_order":0,"comment_status":"closed","ping_status":"closed","template":"","meta":{"_et_pb_use_builder":"on","_et_pb_old_content":"<!-- wp:heading -->\r\n<h2>Hvem vi er<\/h2>\r\n<!-- \/wp:heading --><!-- wp:paragraph -->\r\n<p>Her kommer tekst knyttet til personvern.<\/p>\r\n<p>\u00a0<\/p>\r\n<p>\u00a0<\/p>\r\n<p>\u00a0<\/p>\r\n<!-- \/wp:paragraph -->","_et_gb_content_width":"","footnotes":""},"class_list":["post-3","page","type-page","status-publish","hentry"],"yoast_head":"<!-- This site is optimized with the Yoast SEO plugin v27.5 - https:\/\/yoast.com\/product\/yoast-seo-wordpress\/ -->\n<title>personvern - Tiepoint - Grunnkurs dronepilot<\/title>\n<meta name=\"robots\" content=\"index, follow, max-snippet:-1, max-image-preview:large, max-video-preview:-1\" \/>\n<link rel=\"canonical\" href=\"https:\/\/www.droneportal.no\/nn\/personvern\/\" \/>\n<meta property=\"og:locale\" content=\"nn_NO\" \/>\n<meta property=\"og:type\" content=\"article\" \/>\n<meta property=\"og:title\" content=\"personvern - Tiepoint - Grunnkurs dronepilot\" \/>\n<meta property=\"og:description\" content=\"Lesetid:  &lt; 1 minuttPersonvernserkl\u00e6ring for L\u00e6ringsportalen p\u00e5 droneportal.no Denne personvernserkl\u00e6ringen beskriver hvordan L\u00e6ringsportalen p\u00e5 droneportal.no samler inn, bruker og beskytter personopplysninger. Ved \u00e5 benytte v\u00e5r tjeneste samtykker du til behandlingen av dine personopplysninger i samsvar med denne erkl\u00e6ringen. Behandlingsansvarlig L\u00e6ringsportalen driftes av TiePoint AS, som er behandlingsansvarlig for personopplysningene som samles inn. Kontaktinformasjon: Adresse:\u00a0Bleiksveien 46, 8480 Andenes, Norge Telefon:\u00a0+47 988 00 158 E-post:\u00a0post@tiepoint.no Innsamling av personopplysninger Vi samler inn f\u00f8lgende personopplysninger gjennom FEIDE-innlogging: Brukernavn E-postadresse Disse opplysningene benyttes utelukkende for \u00e5 administrere din tilgang til L\u00e6ringsportalen. &nbsp; Bruk av informasjonskapsler (cookies) L\u00e6ringsportalen benytter informasjonskapsler for \u00e5 forbedre brukeropplevelsen. Informasjonskapslene som brukes er: Session Cookies:\u00a0Midlertidige informasjonskapsler som slettes n\u00e5r du lukker nettleseren. Disse brukes for \u00e5 opprettholde innloggingsstatus og navigasjon p\u00e5 siden. Du kan administrere eller slette informasjonskapsler gjennom innstillingene i din nettleser. V\u00e6r oppmerksom p\u00e5 at deaktivering av informasjonskapsler kan p\u00e5virke funksjonaliteten til L\u00e6ringsportalen. &nbsp; Deling av personopplysninger TiePoint AS deler ikke dine personopplysninger med tredjeparter, med mindre det er n\u00f8dvendig for \u00e5 oppfylle lovp\u00e5lagte krav. &nbsp; Dine rettigheter Du har rett til innsyn i, korrigering av eller sletting av dine personopplysninger. For \u00e5 ut\u00f8ve disse rettighetene, vennligst kontakt oss via kontaktinformasjonen ovenfor. &nbsp; Endringer i personvernserkl\u00e6ringen TiePoint AS forbeholder seg retten til [&hellip;]\" \/>\n<meta property=\"og:url\" content=\"https:\/\/www.droneportal.no\/nn\/personvern\/\" \/>\n<meta property=\"og:site_name\" content=\"Tiepoint - Grunnkurs dronepilot\" \/>\n<meta property=\"article:modified_time\" content=\"2024-11-27T12:16:22+00:00\" \/>\n<meta name=\"twitter:card\" content=\"summary_large_image\" \/>\n<meta name=\"twitter:label1\" content=\"Est. reading time\" \/>\n\t<meta name=\"twitter:data1\" content=\"2 minutt\" \/>\n<script type=\"application\/ld+json\" class=\"yoast-schema-graph\">{\"@context\":\"https:\\\/\\\/schema.org\",\"@graph\":[{\"@type\":\"WebPage\",\"@id\":\"https:\\\/\\\/www.droneportal.no\\\/personvern\\\/\",\"url\":\"https:\\\/\\\/www.droneportal.no\\\/personvern\\\/\",\"name\":\"personvern - Tiepoint - Grunnkurs dronepilot\",\"isPartOf\":{\"@id\":\"https:\\\/\\\/www.droneportal.no\\\/#website\"},\"datePublished\":\"2023-10-15T05:48:09+00:00\",\"dateModified\":\"2024-11-27T12:16:22+00:00\",\"breadcrumb\":{\"@id\":\"https:\\\/\\\/www.droneportal.no\\\/personvern\\\/#breadcrumb\"},\"inLanguage\":\"nn-NO\",\"potentialAction\":[{\"@type\":\"ReadAction\",\"target\":[\"https:\\\/\\\/www.droneportal.no\\\/personvern\\\/\"]}]},{\"@type\":\"BreadcrumbList\",\"@id\":\"https:\\\/\\\/www.droneportal.no\\\/personvern\\\/#breadcrumb\",\"itemListElement\":[{\"@type\":\"ListItem\",\"position\":1,\"name\":\"Hjem\",\"item\":\"https:\\\/\\\/www.droneportal.no\\\/\"},{\"@type\":\"ListItem\",\"position\":2,\"name\":\"personvern\"}]},{\"@type\":\"WebSite\",\"@id\":\"https:\\\/\\\/www.droneportal.no\\\/#website\",\"url\":\"https:\\\/\\\/www.droneportal.no\\\/\",\"name\":\"Calculum \u2013 Utregninger for snekkeren\",\"description\":\"Grunnkurs for droneflyging i \u00c5pen og Spesifikk kategori\",\"potentialAction\":[{\"@type\":\"SearchAction\",\"target\":{\"@type\":\"EntryPoint\",\"urlTemplate\":\"https:\\\/\\\/www.droneportal.no\\\/?s={search_term_string}\"},\"query-input\":{\"@type\":\"PropertyValueSpecification\",\"valueRequired\":true,\"valueName\":\"search_term_string\"}}],\"inLanguage\":\"nn-NO\"}]}<\/script>\n<!-- \/ Yoast SEO plugin. -->","yoast_head_json":{"title":"personvern - Tiepoint - Grunnkurs dronepilot","robots":{"index":"index","follow":"follow","max-snippet":"max-snippet:-1","max-image-preview":"max-image-preview:large","max-video-preview":"max-video-preview:-1"},"canonical":"https:\/\/www.droneportal.no\/nn\/personvern\/","og_locale":"nn_NO","og_type":"article","og_title":"personvern - Tiepoint - Grunnkurs dronepilot","og_description":"Lesetid:  &lt; 1 minuttPersonvernserkl\u00e6ring for L\u00e6ringsportalen p\u00e5 droneportal.no Denne personvernserkl\u00e6ringen beskriver hvordan L\u00e6ringsportalen p\u00e5 droneportal.no samler inn, bruker og beskytter personopplysninger. Ved \u00e5 benytte v\u00e5r tjeneste samtykker du til behandlingen av dine personopplysninger i samsvar med denne erkl\u00e6ringen. Behandlingsansvarlig L\u00e6ringsportalen driftes av TiePoint AS, som er behandlingsansvarlig for personopplysningene som samles inn. Kontaktinformasjon: Adresse:\u00a0Bleiksveien 46, 8480 Andenes, Norge Telefon:\u00a0+47 988 00 158 E-post:\u00a0post@tiepoint.no Innsamling av personopplysninger Vi samler inn f\u00f8lgende personopplysninger gjennom FEIDE-innlogging: Brukernavn E-postadresse Disse opplysningene benyttes utelukkende for \u00e5 administrere din tilgang til L\u00e6ringsportalen. &nbsp; Bruk av informasjonskapsler (cookies) L\u00e6ringsportalen benytter informasjonskapsler for \u00e5 forbedre brukeropplevelsen. Informasjonskapslene som brukes er: Session Cookies:\u00a0Midlertidige informasjonskapsler som slettes n\u00e5r du lukker nettleseren. Disse brukes for \u00e5 opprettholde innloggingsstatus og navigasjon p\u00e5 siden. Du kan administrere eller slette informasjonskapsler gjennom innstillingene i din nettleser. V\u00e6r oppmerksom p\u00e5 at deaktivering av informasjonskapsler kan p\u00e5virke funksjonaliteten til L\u00e6ringsportalen. &nbsp; Deling av personopplysninger TiePoint AS deler ikke dine personopplysninger med tredjeparter, med mindre det er n\u00f8dvendig for \u00e5 oppfylle lovp\u00e5lagte krav. &nbsp; Dine rettigheter Du har rett til innsyn i, korrigering av eller sletting av dine personopplysninger. For \u00e5 ut\u00f8ve disse rettighetene, vennligst kontakt oss via kontaktinformasjonen ovenfor. &nbsp; Endringer i personvernserkl\u00e6ringen TiePoint AS forbeholder seg retten til [&hellip;]","og_url":"https:\/\/www.droneportal.no\/nn\/personvern\/","og_site_name":"Tiepoint - Grunnkurs dronepilot","article_modified_time":"2024-11-27T12:16:22+00:00","twitter_card":"summary_large_image","twitter_misc":{"Est. reading time":"2 minutt"},"schema":{"@context":"https:\/\/schema.org","@graph":[{"@type":"WebPage","@id":"https:\/\/www.droneportal.no\/personvern\/","url":"https:\/\/www.droneportal.no\/personvern\/","name":"personvern - Tiepoint - Grunnkurs dronepilot","isPartOf":{"@id":"https:\/\/www.droneportal.no\/#website"},"datePublished":"2023-10-15T05:48:09+00:00","dateModified":"2024-11-27T12:16:22+00:00","breadcrumb":{"@id":"https:\/\/www.droneportal.no\/personvern\/#breadcrumb"},"inLanguage":"nn-NO","potentialAction":[{"@type":"ReadAction","target":["https:\/\/www.droneportal.no\/personvern\/"]}]},{"@type":"BreadcrumbList","@id":"https:\/\/www.droneportal.no\/personvern\/#breadcrumb","itemListElement":[{"@type":"ListItem","position":1,"name":"Hjem","item":"https:\/\/www.droneportal.no\/"},{"@type":"ListItem","position":2,"name":"personvern"}]},{"@type":"WebSite","@id":"https:\/\/www.droneportal.no\/#website","url":"https:\/\/www.droneportal.no\/","name":"Calculum \u2013 Utregninger for snekkeren","description":"Grunnkurs for droneflyging i \u00c5pen og Spesifikk kategori","potentialAction":[{"@type":"SearchAction","target":{"@type":"EntryPoint","urlTemplate":"https:\/\/www.droneportal.no\/?s={search_term_string}"},"query-input":{"@type":"PropertyValueSpecification","valueRequired":true,"valueName":"search_term_string"}}],"inLanguage":"nn-NO"}]}},"_links":{"self":[{"href":"https:\/\/www.droneportal.no\/nn\/wp-json\/wp\/v2\/pages\/3","targetHints":{"allow":["GET"]}}],"collection":[{"href":"https:\/\/www.droneportal.no\/nn\/wp-json\/wp\/v2\/pages"}],"about":[{"href":"https:\/\/www.droneportal.no\/nn\/wp-json\/wp\/v2\/types\/page"}],"author":[{"embeddable":true,"href":"https:\/\/www.droneportal.no\/nn\/wp-json\/wp\/v2\/users\/1"}],"replies":[{"embeddable":true,"href":"https:\/\/www.droneportal.no\/nn\/wp-json\/wp\/v2\/comments?post=3"}],"version-history":[{"count":0,"href":"https:\/\/www.droneportal.no\/nn\/wp-json\/wp\/v2\/pages\/3\/revisions"}],"wp:attachment":[{"href":"https:\/\/www.droneportal.no\/nn\/wp-json\/wp\/v2\/media?parent=3"}],"curies":[{"name":"wp","href":"https:\/\/api.w.org\/{rel}","templated":true}]}}