{"id":11,"date":"2023-10-15T08:08:09","date_gmt":"2023-10-15T06:08:09","guid":{"rendered":"https:\/\/www.droneportal.no\/?page_id=11"},"modified":"2026-02-11T14:06:38","modified_gmt":"2026-02-11T13:06:38","slug":"forside","status":"publish","type":"page","link":"https:\/\/www.droneportal.no\/en\/","title":{"rendered":"Home page"},"content":{"rendered":"<p>[et_pb_section fb_built=&raquo;1&#8243; admin_label=&raquo;Hero&raquo; _builder_version=&raquo;4.16&#8243; custom_padding=&raquo;0px|0px|0px|0px&raquo; animation_style=&raquo;zoom&raquo; animation_intensity_zoom=&raquo;4%&raquo; global_colors_info=&raquo;{}&raquo;][et_pb_row use_custom_gutter=&raquo;on&raquo; gutter_width=&raquo;1&#8243; make_equal=&raquo;on&raquo; module_class=&raquo; et_pb_row_fullwidth&raquo; _builder_version=&raquo;4.22.2&#8243; background_color=&raquo;#2f2f2f&raquo; background_image=&raquo;https:\/\/www.droneportal.no\/wp-content\/uploads\/2025\/08\/main.jpg&raquo; background_position=&raquo;top_left&raquo; width=&raquo;100%&raquo; width_tablet=&raquo;100%&raquo; width_phone=&raquo;100%&raquo; width_last_edited=&raquo;on|desktop&raquo; max_width=&raquo;100%&raquo; max_width_tablet=&raquo;100%&raquo; max_width_phone=&raquo;100%&raquo; max_width_last_edited=&raquo;on|desktop&raquo; custom_padding=&raquo;||40px||false|false&raquo; animation_style=&raquo;slide&raquo; animation_direction=&raquo;top&raquo; animation_intensity_slide=&raquo;3%&raquo; make_fullwidth=&raquo;on&raquo; global_colors_info=&raquo;{}&raquo;][et_pb_column type=&raquo;4_4&#8243; _builder_version=&raquo;4.16&#8243; custom_padding=&raquo;10%|8%|10%|8%&raquo; global_colors_info=&raquo;{}&raquo; custom_padding__hover=&raquo;|||&raquo;][et_pb_image src=&raquo;https:\/\/www.droneportal.no\/wp-content\/uploads\/2025\/08\/vg2.png&raquo; title_text=&raquo;vg2&#8243; _builder_version=&raquo;4.22.2&#8243; _module_preset=&raquo;default&raquo; width=&raquo;35%&raquo; max_width=&raquo;100%&raquo; custom_padding=&raquo;||20px||false|false&raquo; global_colors_info=&raquo;{}&raquo;][\/et_pb_image][et_pb_text admin_label=&raquo;Tekst&raquo; _builder_version=&raquo;4.22.2&#8243; text_font=&raquo;||||||||&raquo; text_text_color=&raquo;#3c3939&#8243; header_font=&raquo;Montserrat|700|||||||&raquo; header_text_color=&raquo;#3c3939&#8243; header_font_size=&raquo;47px&raquo; header_line_height=&raquo;1.3em&raquo; width=&raquo;58%&raquo; width_tablet=&raquo;100%&raquo; width_phone=&raquo;100%&raquo; width_last_edited=&raquo;on|desktop&raquo; custom_margin=&raquo;||15px|||&raquo; custom_padding=&raquo;||0px|||&raquo; animation_style=&raquo;fade&raquo; header_font_size_last_edited=&raquo;off|desktop&raquo; locked=&raquo;off&raquo; global_colors_info=&raquo;{}&raquo;]<\/p>\n<h1>Kurs i droneflygning og for \u00e5 bli sertifisert dronepilot<\/h1>\n<p>[\/et_pb_text][et_pb_code disabled_on=&raquo;on|on|on&raquo; _builder_version=&raquo;4.22.2&#8243; _module_preset=&raquo;default&raquo; disabled=&raquo;on&raquo; global_colors_info=&raquo;{}&raquo;]<!-- [et_pb_line_break_holder] -->[\/et_pb_code][\/et_pb_column][\/et_pb_row][\/et_pb_section][et_pb_section fb_built=&raquo;1&#8243; admin_label=&raquo;Service Section&raquo; module_id=&raquo;hvorfor&raquo; _builder_version=&raquo;4.22.2&#8243; custom_margin=&raquo;|||&raquo; custom_padding=&raquo;||||true|false&raquo; global_colors_info=&raquo;{}&raquo;][et_pb_row admin_label=&raquo;Service Section Title&raquo; _builder_version=&raquo;4.22.2&#8243; custom_margin=&raquo;||||false|false&raquo; animation_style=&raquo;fade&raquo; animation_direction=&raquo;top&raquo; saved_tabs=&raquo;all&raquo; global_colors_info=&raquo;{}&raquo;][et_pb_column type=&raquo;4_4&#8243; _builder_version=&raquo;4.16&#8243; custom_padding=&raquo;|||&raquo; global_colors_info=&raquo;{}&raquo; custom_padding__hover=&raquo;|||&raquo;][et_pb_divider color=&raquo;#3C3939&#8243; divider_weight=&raquo;7px&raquo; _builder_version=&raquo;4.22.2&#8243; _module_preset=&raquo;default&raquo; global_colors_info=&raquo;{}&raquo;][\/et_pb_divider][et_pb_text admin_label=&raquo;Subtitle&raquo; _builder_version=&raquo;4.22.2&#8243; text_font=&raquo;Montserrat||||&raquo; text_text_color=&raquo;#747d88&#8243; text_font_size=&raquo;16px&raquo; text_line_height=&raquo;1.8em&raquo; header_font=&raquo;||||||||&raquo; text_orientation=&raquo;center&raquo; max_width=&raquo;700px&raquo; module_alignment=&raquo;center&raquo; custom_margin=&raquo;||45px|||&raquo; animation_style=&raquo;slide&raquo; animation_direction=&raquo;bottom&raquo; animation_delay=&raquo;100ms&raquo; animation_intensity_slide=&raquo;4%&raquo; global_colors_info=&raquo;{}&raquo;]<\/p>\n<h1 style=\"text-align: center;\"><strong>Dronekurs\u00a0 <\/strong><\/h1>\n<h3 style=\"text-align: center;\"><strong>din vei til sikkerhet i luften<\/strong><\/h3>\n<p style=\"text-align: center;\">[\/et_pb_text][et_pb_button button_url=&raquo;\/login&raquo; button_text=&raquo;LOGG INN MED FEIDE&raquo; button_alignment=&raquo;center&raquo; _builder_version=&raquo;4.22.2&#8243; _module_preset=&raquo;default&raquo; custom_button=&raquo;on&raquo; button_text_size=&raquo;26px&raquo; button_text_color=&raquo;#3C3939&#8243; button_bg_color=&raquo;#FDCD6A&raquo; button_border_color=&raquo;#FDCD6A&raquo; button_font=&raquo;|600||on|||||&raquo; button_icon=&raquo;&#x7e;||divi||400&#8243; button_icon_color=&raquo;#3C3939&#8243; button_icon_placement=&raquo;left&raquo; button_on_hover=&raquo;off&raquo; custom_margin=&raquo;||48px|||&raquo; global_colors_info=&raquo;{}&raquo;][\/et_pb_button][et_pb_divider color=&raquo;#3C3939&#8243; divider_weight=&raquo;7px&raquo; _builder_version=&raquo;4.22.2&#8243; _module_preset=&raquo;default&raquo; global_colors_info=&raquo;{}&raquo;][\/et_pb_divider][\/et_pb_column][\/et_pb_row][\/et_pb_section][et_pb_section fb_built=&raquo;1&#8243; admin_label=&raquo;Gradient Background Color Section&raquo; _builder_version=&raquo;4.22.2&#8243; background_color=&raquo;#3C3939&#8243; background_enable_image=&raquo;off&raquo; custom_margin=&raquo;||0px||false|false&raquo; custom_margin_tablet=&raquo;||0px|&raquo; custom_margin_phone=&raquo;&raquo; custom_margin_last_edited=&raquo;on|phone&raquo; custom_padding=&raquo;3.1%||5%||false|false&raquo; global_colors_info=&raquo;{}&raquo;][et_pb_row column_structure=&raquo;1_2,1_2&#8243; make_equal=&raquo;on&raquo; _builder_version=&raquo;4.22.2&#8243; custom_padding=&raquo;0px|0px|0px|0px&raquo; global_colors_info=&raquo;{}&raquo;][et_pb_column type=&raquo;1_2&#8243; _builder_version=&raquo;4.16&#8243; custom_padding=&raquo;|||&raquo; global_colors_info=&raquo;{}&raquo; custom_padding__hover=&raquo;|||&raquo;][et_pb_image src=&raquo;https:\/\/www.droneportal.no\/wp-content\/uploads\/2025\/08\/drone.png&raquo; alt=&raquo;App for selling and buying horses. Horse trading app.&raquo; title_text=&raquo;drone&raquo; align=&raquo;center&raquo; align_tablet=&raquo;center&raquo; align_phone=&raquo;center&raquo; align_last_edited=&raquo;on|desktop&raquo; _builder_version=&raquo;4.22.2&#8243; max_height=&raquo;891px&raquo; custom_margin=&raquo;||||false|false&raquo; custom_margin_tablet=&raquo;||10%|&raquo; custom_margin_phone=&raquo;||1.5%||false|false&raquo; custom_margin_last_edited=&raquo;on|phone&raquo; custom_padding=&raquo;26px|||||&raquo; animation_style=&raquo;slide&raquo; animation_direction=&raquo;left&raquo; animation_duration=&raquo;1500ms&raquo; animation_intensity_slide=&raquo;10%&raquo; animation_starting_opacity=&raquo;100%&raquo; locked=&raquo;off&raquo; global_colors_info=&raquo;{}&raquo;][\/et_pb_image][\/et_pb_column][et_pb_column type=&raquo;1_2&#8243; _builder_version=&raquo;4.22.2&#8243; custom_padding=&raquo;|||&raquo; custom_css_main_element=&raquo;display: flex;||flex-direction: column;||justify-content: center;&raquo; global_colors_info=&raquo;{}&raquo; custom_padding__hover=&raquo;|||&raquo;][et_pb_text _builder_version=&raquo;4.22.2&#8243; _module_preset=&raquo;default&raquo; header_3_font=&raquo;|700|||||||&raquo; header_3_text_color=&raquo;#A2835E&raquo; header_3_font_size=&raquo;43px&raquo; header_3_line_height=&raquo;1.3em&raquo; custom_margin=&raquo;-10px|||||&raquo; custom_padding_tablet=&raquo;&raquo; custom_padding_phone=&raquo;||32px||false|false&raquo; custom_padding_last_edited=&raquo;on|phone&raquo; header_3_text_align_tablet=&raquo;&raquo; header_3_text_align_phone=&raquo;center&raquo; header_3_text_align_last_edited=&raquo;on|phone&raquo; header_3_font_size_tablet=&raquo;32px&raquo; header_3_font_size_phone=&raquo;23px&raquo; header_3_font_size_last_edited=&raquo;on|tablet&raquo; global_colors_info=&raquo;{}&raquo;]<\/p>\n<h3><span style=\"color: #fff;\">Om oss<\/span><\/h3>\n<p>[\/et_pb_text][et_pb_divider color=&raquo;#FFFFFF&raquo; divider_weight=&raquo;7px&raquo; _builder_version=&raquo;4.22.2&#8243; _module_preset=&raquo;default&raquo; global_colors_info=&raquo;{}&raquo;][\/et_pb_divider][et_pb_text _builder_version=&raquo;4.22.2&#8243; _module_preset=&raquo;default&raquo; text_text_color=&raquo;#FFFFFF&raquo; global_colors_info=&raquo;{}&raquo;]<\/p>\n<p>Tiepoint AS er tidligere And\u00f8ya Space Unmanned som sammen med Sundt Air er g\u00e5tt sammen om \u00e5 bli et knutepunkt for droneflyvning i Europa. B\u00e5de p\u00e5 sm\u00e5drone segmentet og de mer komplekse operasjonene med st\u00f8rre multikopter og fixed wing droner. Vi har i dag kunder over hele verden og leverer droneoperasjone, bearbeidet data,\u00a0oppl\u00e6ring og operasjonsmanualer\u00a0til v\u00e5re kunder innen forskjellige sektorer.<\/p>\n<p>I tillegg drifter vi Norges f\u00f8rste videreg\u00e5ende dronelinje p\u00e5 And\u00f8ya i samarbeid med And\u00f8ya Space Education og Nordland fylkeskommune. Vi har har ogs\u00e5 ansvaret for teoretisk og praktisk oppl\u00e6ring av de over 100 piloter som flyr under v\u00e5r drifttillatelse. (EASA Spesifikk LUC).<\/p>\n<p>Team Tiepoint best\u00e5r av en gruppe eksperter og nerder med spesialkompetanse. Vi er stadig i utvikling og f\u00f8lger med p\u00e5 de siste oppdateringene innen dronebransjen.<\/p>\n<p>[\/et_pb_text][et_pb_divider color=&raquo;#FFFFFF&raquo; divider_weight=&raquo;7px&raquo; _builder_version=&raquo;4.22.2&#8243; _module_preset=&raquo;default&raquo; global_colors_info=&raquo;{}&raquo;][\/et_pb_divider][\/et_pb_column][\/et_pb_row][\/et_pb_section]<\/p>\n<div class=\"gsp_post_data\" \r\n\t            data-post_type=\"page\" \r\n\t            data-cat=\"\" \r\n\t            data-modified=\"120\"\r\n\t            data-created=\"1697357289\"\r\n\t            data-title=\"Forside\" \r\n\t            data-home=\"https:\/\/www.droneportal.no\/en\"><\/div>","protected":false},"excerpt":{"rendered":"<p><span class=\"span-reading-time rt-reading-time\" style=\"display: block;\"><span class=\"rt-label rt-prefix\">Reading time: <\/span> <span class=\"rt-time\"> 2<\/span> <span class=\"rt-label rt-postfix\">minutes<\/span><\/span><\/p>\n<p>Courses in drone flying and to become a certified drone pilotDrone courses your way to safety in the air About usTiepoint AS is formerly And\u00f8ya Space Unmanned, which together with Sundt Air has joined forces to become a hub for drone flying in Europe. Both in the small drone segment and the more complex operations with larger multicopter and fixed wing drones. We currently have customers all over the world and supply drone operations, processed data, training and operating manuals to our customers in various sectors. In addition, we operate Norway's first high school drone line at And\u00f8ya in collaboration with And\u00f8ya Space Education and Nordland County Council. We are also responsible for the theoretical and practical training of the more than 100 pilots who fly under our operating license (EASA Specific LUC). Team Tiepoint consists of a group of experts and nerds with specialized expertise. We are constantly evolving and keeping up with the latest updates in the drone industry.<\/p>","protected":false},"author":1,"featured_media":0,"parent":0,"menu_order":0,"comment_status":"closed","ping_status":"closed","template":"","meta":{"_et_pb_use_builder":"on","_et_pb_old_content":"","_et_gb_content_width":"","footnotes":""},"class_list":["post-11","page","type-page","status-publish","hentry"],"yoast_head":"<!-- This site is optimized with the Yoast SEO plugin v27.4 - https:\/\/yoast.com\/product\/yoast-seo-wordpress\/ -->\n<title>Tiepoint - kurs i droneflygning og for \u00e5 bli sertifisert dronepilot<\/title>\n<meta name=\"description\" content=\"Utforsk v\u00e5r l\u00e6ringsportal for VGS-elever som vil l\u00e6re \u00e5 fly drone. F\u00e5 kunnskap om droneoperasjoner, EASA-regelverk, og sikkerhetsprosedyrer gjennom interaktive kurs og oppdrag. Perfekt for nybegynnere og fremtidige dronepiloter.\" \/>\n<meta name=\"robots\" content=\"index, follow, max-snippet:-1, max-image-preview:large, max-video-preview:-1\" \/>\n<link rel=\"canonical\" href=\"https:\/\/www.droneportal.no\/en\/\" \/>\n<meta property=\"og:locale\" content=\"en_US\" \/>\n<meta property=\"og:type\" content=\"article\" \/>\n<meta property=\"og:title\" content=\"Equestrian - The Ultimate Platform for Buying and Selling Horses\" \/>\n<meta property=\"og:description\" content=\"Equestrian is your go-to platform for buying and selling horses, tailored for active participants in equestrian sports. Our app provides a user-friendly interface where sellers can list horses with essential details, and buyers can find the right match using advanced search options.\" \/>\n<meta property=\"og:url\" content=\"https:\/\/www.droneportal.no\/en\/\" \/>\n<meta property=\"og:site_name\" content=\"Tiepoint - Grunnkurs dronepilot\" \/>\n<meta property=\"article:modified_time\" content=\"2026-02-11T13:06:38+00:00\" \/>\n<meta name=\"twitter:card\" content=\"summary_large_image\" \/>\n<meta name=\"twitter:label1\" content=\"Est. reading time\" \/>\n\t<meta name=\"twitter:data1\" content=\"2 minutes\" \/>\n<script type=\"application\/ld+json\" class=\"yoast-schema-graph\">{\"@context\":\"https:\\\/\\\/schema.org\",\"@graph\":[{\"@type\":\"WebPage\",\"@id\":\"https:\\\/\\\/www.droneportal.no\\\/\",\"url\":\"https:\\\/\\\/www.droneportal.no\\\/\",\"name\":\"Tiepoint - kurs i droneflygning og for \u00e5 bli sertifisert dronepilot\",\"isPartOf\":{\"@id\":\"https:\\\/\\\/www.droneportal.no\\\/#website\"},\"datePublished\":\"2023-10-15T06:08:09+00:00\",\"dateModified\":\"2026-02-11T13:06:38+00:00\",\"description\":\"Utforsk v\u00e5r l\u00e6ringsportal for VGS-elever som vil l\u00e6re \u00e5 fly drone. F\u00e5 kunnskap om droneoperasjoner, EASA-regelverk, og sikkerhetsprosedyrer gjennom interaktive kurs og oppdrag. Perfekt for nybegynnere og fremtidige dronepiloter.\",\"breadcrumb\":{\"@id\":\"https:\\\/\\\/www.droneportal.no\\\/#breadcrumb\"},\"inLanguage\":\"en-US\",\"potentialAction\":[{\"@type\":\"ReadAction\",\"target\":[\"https:\\\/\\\/www.droneportal.no\\\/\"]}]},{\"@type\":\"BreadcrumbList\",\"@id\":\"https:\\\/\\\/www.droneportal.no\\\/#breadcrumb\",\"itemListElement\":[{\"@type\":\"ListItem\",\"position\":1,\"name\":\"Hjem\",\"item\":\"https:\\\/\\\/www.droneportal.no\\\/\"},{\"@type\":\"ListItem\",\"position\":2,\"name\":\"Forside\"}]},{\"@type\":\"WebSite\",\"@id\":\"https:\\\/\\\/www.droneportal.no\\\/#website\",\"url\":\"https:\\\/\\\/www.droneportal.no\\\/\",\"name\":\"Calculum \u2013 Utregninger for snekkeren\",\"description\":\"Grunnkurs for droneflyging i \u00c5pen og Spesifikk kategori\",\"potentialAction\":[{\"@type\":\"SearchAction\",\"target\":{\"@type\":\"EntryPoint\",\"urlTemplate\":\"https:\\\/\\\/www.droneportal.no\\\/?s={search_term_string}\"},\"query-input\":{\"@type\":\"PropertyValueSpecification\",\"valueRequired\":true,\"valueName\":\"search_term_string\"}}],\"inLanguage\":\"en-US\"}]}<\/script>\n<!-- \/ Yoast SEO plugin. -->","yoast_head_json":{"title":"Tiepoint - courses in drone flying and to become a certified drone pilot","description":"Explore our learning portal for VGS students who want to learn how to fly a drone. Learn about drone operations, EASA regulations and safety procedures through interactive courses and missions. Perfect for beginners and future drone pilots.","robots":{"index":"index","follow":"follow","max-snippet":"max-snippet:-1","max-image-preview":"max-image-preview:large","max-video-preview":"max-video-preview:-1"},"canonical":"https:\/\/www.droneportal.no\/en\/","og_locale":"en_US","og_type":"article","og_title":"Equestrian - The Ultimate Platform for Buying and Selling Horses","og_description":"Equestrian is your go-to platform for buying and selling horses, tailored for active participants in equestrian sports. Our app provides a user-friendly interface where sellers can list horses with essential details, and buyers can find the right match using advanced search options.","og_url":"https:\/\/www.droneportal.no\/en\/","og_site_name":"Tiepoint - Grunnkurs dronepilot","article_modified_time":"2026-02-11T13:06:38+00:00","twitter_card":"summary_large_image","twitter_misc":{"Est. reading time":"2 minutes"},"schema":{"@context":"https:\/\/schema.org","@graph":[{"@type":"WebPage","@id":"https:\/\/www.droneportal.no\/","url":"https:\/\/www.droneportal.no\/","name":"Tiepoint - courses in drone flying and to become a certified drone pilot","isPartOf":{"@id":"https:\/\/www.droneportal.no\/#website"},"datePublished":"2023-10-15T06:08:09+00:00","dateModified":"2026-02-11T13:06:38+00:00","description":"Explore our learning portal for VGS students who want to learn how to fly a drone. Learn about drone operations, EASA regulations and safety procedures through interactive courses and missions. Perfect for beginners and future drone pilots.","breadcrumb":{"@id":"https:\/\/www.droneportal.no\/#breadcrumb"},"inLanguage":"en-US","potentialAction":[{"@type":"ReadAction","target":["https:\/\/www.droneportal.no\/"]}]},{"@type":"BreadcrumbList","@id":"https:\/\/www.droneportal.no\/#breadcrumb","itemListElement":[{"@type":"ListItem","position":1,"name":"Hjem","item":"https:\/\/www.droneportal.no\/"},{"@type":"ListItem","position":2,"name":"Forside"}]},{"@type":"WebSite","@id":"https:\/\/www.droneportal.no\/#website","url":"https:\/\/www.droneportal.no\/","name":"Calculum - Calculations for the carpenter","description":"Basic course for drone flying in Open and Specific category","potentialAction":[{"@type":"SearchAction","target":{"@type":"EntryPoint","urlTemplate":"https:\/\/www.droneportal.no\/?s={search_term_string}"},"query-input":{"@type":"PropertyValueSpecification","valueRequired":true,"valueName":"search_term_string"}}],"inLanguage":"en-US"}]}},"_links":{"self":[{"href":"https:\/\/www.droneportal.no\/en\/wp-json\/wp\/v2\/pages\/11","targetHints":{"allow":["GET"]}}],"collection":[{"href":"https:\/\/www.droneportal.no\/en\/wp-json\/wp\/v2\/pages"}],"about":[{"href":"https:\/\/www.droneportal.no\/en\/wp-json\/wp\/v2\/types\/page"}],"author":[{"embeddable":true,"href":"https:\/\/www.droneportal.no\/en\/wp-json\/wp\/v2\/users\/1"}],"replies":[{"embeddable":true,"href":"https:\/\/www.droneportal.no\/en\/wp-json\/wp\/v2\/comments?post=11"}],"version-history":[{"count":0,"href":"https:\/\/www.droneportal.no\/en\/wp-json\/wp\/v2\/pages\/11\/revisions"}],"wp:attachment":[{"href":"https:\/\/www.droneportal.no\/en\/wp-json\/wp\/v2\/media?parent=11"}],"curies":[{"name":"wp","href":"https:\/\/api.w.org\/{rel}","templated":true}]}}